{"id":74,"date":"2020-12-18T13:24:44","date_gmt":"2020-12-18T13:24:44","guid":{"rendered":"http:\/\/www.ayka-tech.com\/?page_id=74"},"modified":"2020-12-21T09:46:56","modified_gmt":"2020-12-21T09:46:56","slug":"hakkimizda","status":"publish","type":"page","link":"http:\/\/www.ayka-tech.com\/?page_id=74","title":{"rendered":"Hakk\u0131m\u0131zda"},"content":{"rendered":"\n<p>V\u0130ZYONUMUZ<\/p>\n\n\n\n<h2 class=\"has-white-color has-vivid-cyan-blue-background-color has-text-color has-background\" style=\"font-size:38px\">V\u0130ZYONUMUZ,<\/h2>\n\n\n\n<p><br> S\u00fcrd\u00fcr\u00fclebilir g\u0131da \u00fcretimi yapmakt\u0131r. G\u0131da \u00fcretimini, k\u00e2rl\u0131l\u0131\u011f\u0131n\u0131 ve ilgili insan ve hayvanlar\u0131n refah\u0131n\u0131 iyile\u015ftirirken, m\u00fc\u015fterilerimizi \u00e7evresel ayak izlerini azaltma konusunda destekliyoruz.<\/p>\n","protected":false},"excerpt":{"rendered":"<p>V\u0130ZYONUMUZ V\u0130ZYONUMUZ, S\u00fcrd\u00fcr\u00fclebilir g\u0131da \u00fcretimi yapmakt\u0131r. G\u0131da \u00fcretimini, k\u00e2rl\u0131l\u0131\u011f\u0131n\u0131 ve ilgili insan ve hayvanlar\u0131n refah\u0131n\u0131 iyile\u015ftirirken, m\u00fc\u015fterilerimizi \u00e7evresel ayak izlerini<\/p>\n","protected":false},"author":1,"featured_media":0,"parent":0,"menu_order":0,"comment_status":"closed","ping_status":"closed","template":"","meta":[],"_links":{"self":[{"href":"http:\/\/www.ayka-tech.com\/index.php?rest_route=\/wp\/v2\/pages\/74"}],"collection":[{"href":"http:\/\/www.ayka-tech.com\/index.php?rest_route=\/wp\/v2\/pages"}],"about":[{"href":"http:\/\/www.ayka-tech.com\/index.php?rest_route=\/wp\/v2\/types\/page"}],"author":[{"embeddable":true,"href":"http:\/\/www.ayka-tech.com\/index.php?rest_route=\/wp\/v2\/users\/1"}],"replies":[{"embeddable":true,"href":"http:\/\/www.ayka-tech.com\/index.php?rest_route=%2Fwp%2Fv2%2Fcomments&post=74"}],"version-history":[{"count":4,"href":"http:\/\/www.ayka-tech.com\/index.php?rest_route=\/wp\/v2\/pages\/74\/revisions"}],"predecessor-version":[{"id":149,"href":"http:\/\/www.ayka-tech.com\/index.php?rest_route=\/wp\/v2\/pages\/74\/revisions\/149"}],"wp:attachment":[{"href":"http:\/\/www.ayka-tech.com\/index.php?rest_route=%2Fwp%2Fv2%2Fmedia&parent=74"}],"curies":[{"name":"wp","href":"https:\/\/api.w.org\/{rel}","templated":true}]}}